{"id":1361,"date":"2015-02-03T09:54:46","date_gmt":"2015-02-03T08:54:46","guid":{"rendered":"https:\/\/web.mibeno.com\/euromedic\/wordpress\/?page_id=1361"},"modified":"2015-12-16T13:34:42","modified_gmt":"2015-12-16T12:34:42","slug":"projekty-unijne","status":"publish","type":"page","link":"https:\/\/euromedic.com.pl\/en\/projekty-unijne\/","title":{"rendered":"Projekty unijne"},"content":{"rendered":"<p><\/p>\n<section class=\"multicolumn white\">\n<div class=\"pos-center\">\n<h2>Projekty unijne realizowane w Euromedic<\/h2>\n<div class=\"projekt-ue\">\n<h3>&#8220;Podniesienie standardu leczenia stacjonarnego w zakresie ortopedii i okulistyki,<br \/>prowadzonego przez NZOZ EuroMedic Kliniki Specjalistyczne Janina Le\u015bnik-Ludyga&#8221;<\/h3>\n<p>Regionalny Program Operacyjny Wojew\u00f3dztwa \u015al\u0105skiego &#8211; realna odpowied\u017a na realne potrzeby<\/p>\n<p><strong>Beneficjent projektu:<\/strong> NZOZ EuroMedic Kliniki Specjalistyczne Janina Le\u015bnik Ludyga<\/p>\n<p><strong>Ca\u0142kowita warto\u015b\u0107 projektu:<\/strong> 184 758,20 z\u0142<\/p>\n<p><strong>Warto\u015b\u0107 dofinansowania:<\/strong> 102 626,37 z\u0142 w tym:<\/p>\n<p>\u015arodki z Europejskiego Funduszu Rozwoju Regionalnego: 87 232,41 z\u0142 (85% kwoty dofinansowania)<\/p>\n<p>\u015arodki z bud\u017cetu pa\u0144stwa: 15 393,96 z\u0142 (15% kwoty dofinansowania)<\/p>\n<p><strong>\u015arodki w\u0142asne Beneficjenta projektu:<\/strong> 82 131,83 z\u0142<\/p>\n<p>Projekt wsp\u00f3\u0142finansowany przez Uni\u0119 Europejsk\u0105 z Europejskiego Funduszu Rozwoju Regionalnego w ramach Regionalnego Programu Operacyjnego Wojew\u00f3dztwa \u015al\u0105skiego na lata 2007-2013<\/p>\n<p><strong>Numer umowy o dofinansowanie:<\/strong> UDA-RPSL.01.02.04-00-A50\/11-00<\/p>\n<p style=\"font-size:0.7em;\">Informacje \u017ar\u00f3d\u0142owe na temat Regionalnego Programu Operacyjnego Wojew\u00f3dztwa \u015al\u0105skiego na lata 2007-2013<br \/>znajduj\u0105 si\u0119 na stronie <a href=\"www.rpo.slaskie.pl\" target=\"_blank\">www.rpo.slaskie.pl<\/a><\/p>\n<\/div>\n<div class=\"projekt-ue\">\n<h3>&#8220;Kompleksowy program leczenia jaskry w nowym szpitalu EuroMedic w Katowicach <br \/>wdra\u017cany przez Indywidualn\u0105 Praktyk\u0119 Lekarsk\u0105 dr n.med. Aneta Adamczyk-Ludyga&#8221;<\/h3>\n<p>Regionalny Program Operacyjny Wojew\u00f3dztwa \u015al\u0105skiego &#8211; realna odpowied\u017a na realne potrzeby<\/p>\n<p><strong>Beneficjent projektu:<\/strong> Indywidualna Specjalistyczna Praktyka Lekarska dr n. med. Aneta Adamczyk Ludyga<\/p>\n<p><strong>Ca\u0142kowita warto\u015b\u0107 projektu:<\/strong> 208 753,20 z\u0142<\/p>\n<p><strong>Warto\u015b\u0107 dofinansowania:<\/strong> 115 674,00 z\u0142 w tym:<\/p>\n<p>\u015arodki z Europejskiego Funduszu Rozwoju Regionalnego: 98 322,90 z\u0142 (85% kwoty dofinansowania)<\/p>\n<p>\u015arodki z bud\u017cetu pa\u0144stwa: 17 351,10 z\u0142 (15% kwoty dofinansowania)<\/p>\n<p><strong>\u015arodki w\u0142asne Beneficjenta projektu:<\/strong> 93 079,20 z\u0142<\/p>\n<p>Projekt wsp\u00f3\u0142finansowany przez Uni\u0119 Europejsk\u0105 z Europejskiego Funduszu Rozwoju Regionalnego w ramach Regionalnego Programu Operacyjnego Wojew\u00f3dztwa \u015al\u0105skiego na lata 2007-2013<\/p>\n<p><strong>Numer umowy o dofinansowanie:<\/strong> UDA-RPSL.01.02.04-00-A53\/11-00<\/p>\n<p style=\"font-size:0.7em;\">Informacje \u017ar\u00f3d\u0142owe na temat Regionalnego Programu Operacyjnego Wojew\u00f3dztwa \u015al\u0105skiego na lata 2007-2013<br \/>znajduj\u0105 si\u0119 na stronie <a href=\"www.rpo.slaskie.pl\" target=\"_blank\">www.rpo.slaskie.pl<\/a><\/p>\n<\/div>\n<\/div>\n<\/section>\n<p><\/p>","protected":false},"excerpt":{"rendered":"<p>Projekty unijne realizowane w Euromedic &#8220;Podniesienie standardu leczenia stacjonarnego w zakresie ortopedii i okulistyki,prowadzonego przez NZOZ EuroMedic Kliniki Specjalistyczne Janina Le\u015bnik-Ludyga&#8221; Regionalny Program Operacyjny Wojew\u00f3dztwa \u015al\u0105skiego &#8211; realna odpowied\u017a na realne potrzeby Beneficjent projektu: NZOZ EuroMedic Kliniki Specjalistyczne Janina Le\u015bnik [&hellip;]<\/p>\n","protected":false},"author":21,"featured_media":0,"parent":0,"menu_order":0,"comment_status":"open","ping_status":"open","template":"","meta":{"_acf_changed":false,"footnotes":""},"class_list":["post-1361","page","type-page","status-publish","hentry"],"acf":[],"_links":{"self":[{"href":"https:\/\/euromedic.com.pl\/en\/wp-json\/wp\/v2\/pages\/1361","targetHints":{"allow":["GET"]}}],"collection":[{"href":"https:\/\/euromedic.com.pl\/en\/wp-json\/wp\/v2\/pages"}],"about":[{"href":"https:\/\/euromedic.com.pl\/en\/wp-json\/wp\/v2\/types\/page"}],"author":[{"embeddable":true,"href":"https:\/\/euromedic.com.pl\/en\/wp-json\/wp\/v2\/users\/21"}],"replies":[{"embeddable":true,"href":"https:\/\/euromedic.com.pl\/en\/wp-json\/wp\/v2\/comments?post=1361"}],"version-history":[{"count":11,"href":"https:\/\/euromedic.com.pl\/en\/wp-json\/wp\/v2\/pages\/1361\/revisions"}],"predecessor-version":[{"id":1971,"href":"https:\/\/euromedic.com.pl\/en\/wp-json\/wp\/v2\/pages\/1361\/revisions\/1971"}],"wp:attachment":[{"href":"https:\/\/euromedic.com.pl\/en\/wp-json\/wp\/v2\/media?parent=1361"}],"curies":[{"name":"wp","href":"https:\/\/api.w.org\/{rel}","templated":true}]}}