{"id":1502,"date":"2015-02-12T04:59:48","date_gmt":"2015-02-12T03:59:48","guid":{"rendered":"https:\/\/web.mibeno.com\/euromedic\/wordpress\/?page_id=1502"},"modified":"2021-09-05T13:46:38","modified_gmt":"2021-09-05T11:46:38","slug":"umow-sie-na-wizyte","status":"publish","type":"page","link":"https:\/\/euromedic.com.pl\/en\/umow-sie-na-wizyte\/","title":{"rendered":"Ask a question or book a visit"},"content":{"rendered":"<p><\/p>\n<section class=\"multicolumn white\">\n<div class=\"pos-center\">\n<h2>Ask a question or book a visit<\/h2>\n<div id=\"tab-container\" class=\"tab-container\">\n<ul class=\"etabs\" style=\"margin-top:0; width: 320px; height: 70px;\">\n<li class=\"tab\"><a class=\"btn red\" href=\"#rejestracja\">Clinics<\/a><\/li>\n<li class=\"tab\"><a class=\"btn red\" href=\"#radiologia\">Diagnostics<\/a><\/li>\n<\/ul>\n<div id=\"rejestracja\">\n<div class=\"column\"><\/div>\n<div class=\"twocolumn\">\n<h3>Contact with us<\/h3>\n\n\n<!-- Fast Secure Contact Form plugin 4.0.52 - begin - FastSecureContactForm.com -->\n<div class=\"fscf-div-clear\"><\/div>\n\n<div id=\"FSContact3\" class=\"fscf-div-form\">\n<form action=\"https:\/\/euromedic.com.pl\/en\/wp-json\/wp\/v2\/pages\/1502#FSContact3\" id=\"fscf_form3\" method=\"post\">\n\n<div id=\"fscf_required3\">\n  <span class=\"fscf-required-indicator\">*<\/span> <span class=\"fscf-required-text\">indicates required field<\/span>\n<\/div>\n\n\n<div id=\"fscf_div_clear3_0\" class=\"fscf-div-clear\">\n  <div id=\"fscf_div_field3_0\" class=\"fscf-div-field-left\">\n    <div class=\"fscf-div-label\">\n      <label class=\"fscf-label\" for=\"fscf_name3\">Name and surname:<span class=\"fscf-required-indicator\">*<\/span><\/label>\n    <\/div>\n    <div class=\"fscf-div-field\">\n      <input class=\"fscf-input-text\" type=\"text\" id=\"fscf_name3\" name=\"full_name\" value=\"\"  readonly=\"readonly\" \/>\n    <\/div>\n  <\/div>\n<\/div>\n\n<div id=\"fscf_div_clear3_1\" class=\"fscf-div-clear\">\n  <div id=\"fscf_div_field3_1\" class=\"fscf-div-field-left\">\n    <div class=\"fscf-div-label\">\n      <label class=\"fscf-label\" for=\"fscf_email3\">e-mail:<span class=\"fscf-required-indicator\">*<\/span><\/label>\n    <\/div>\n    <div class=\"fscf-div-field\">\n      <input class=\"fscf-input-text\" type=\"text\" id=\"fscf_email3\" name=\"email\" value=\"\"  readonly=\"readonly\" placeholder=\"twoj@email.pl\" \/>\n    <\/div>\n  <\/div>\n<\/div>\n\n<div id=\"fscf_div_clear3_4\" class=\"fscf-div-clear\">\n  <div id=\"fscf_div_field3_4\" class=\"fscf-div-field-left\">\n    <div  id=\"fscf_label3_4\" class=\"fscf-div-label\">\n      <label class=\"fscf-label\" for=\"fscf_field3_4\">Phone number:<\/label>\n    <\/div>\n    <div class=\"fscf-div-field\">\n      <input class=\"fscf-input-text\" type=\"text\" id=\"fscf_field3_4\" name=\"Phone\" value=\"\"  placeholder=\"000000000\" \/>\n    <\/div>\n  <\/div>\n<\/div>\n\n<div id=\"fscf_div_clear3_3\" class=\"fscf-div-clear\">\n  <div id=\"fscf_div_field3_3\" class=\"fscf-div-field-left\">\n    <div class=\"fscf-div-label\">\n      <label class=\"fscf-label\" for=\"fscf_field3_3\">Question or information:<span class=\"fscf-required-indicator\">*<\/span><\/label>\n    <\/div>\n    <div class=\"fscf-div-field\">\n      <textarea class=\"fscf-input-textarea\" id=\"fscf_field3_3\" name=\"message\" cols=\"30\" rows=\"10\"  placeholder=\"Tre\u015b\u0107 wiadomo\u015bci\"><\/textarea>\n    <\/div>\n  <\/div>\n<\/div>\n<div class=\"fscf-div-clear\"><\/div>\n\n<div id=\"fscf_submit_div3\" class=\"fscf-div-submit\">\n        <input type=\"submit\" id=\"fscf_submit3\" class=\"fscf-button-submit\" value=\"Submit\"  onclick=\"this.disabled=true; this.value='Sending...'; this.form.submit();\" \/> \n<\/div>\n\n<input type=\"hidden\" name=\"fscf_submitted\" value=\"0\" \/>\n<input type=\"hidden\" name=\"fs_postonce_3\" value=\"934b4a11e367fdcaec8fb15f334990eb,1778083751\" \/>\n<input type=\"hidden\" name=\"si_contact_action\" value=\"send\" \/>\n<input type=\"hidden\" name=\"form_id\" value=\"3\" \/>\n<input type=\"hidden\" name=\"mailto_id\" value=\"1\" \/>\n\n<\/form>\n<\/div>\n<div class=\"fscf-div-clear\"><\/div>\n\n<!-- Fast Secure Contact Form plugin 4.0.52 - end - FastSecureContactForm.com -->\n<\/div>\n<div class=\"column\"><\/div>\n<\/div>\n<div id=\"radiologia\">\n<div class=\"column\"><\/div>\n<div class=\"twocolumn\">\n<h3>Contact with us<\/h3>\n\n\n<!-- Fast Secure Contact Form plugin 4.0.52 - begin - FastSecureContactForm.com -->\n<div class=\"fscf-div-clear\"><\/div>\n\n<div id=\"FSContact4\" class=\"fscf-div-form\">\n<form action=\"https:\/\/euromedic.com.pl\/en\/wp-json\/wp\/v2\/pages\/1502#FSContact4\" id=\"fscf_form4\" method=\"post\">\n\n<div id=\"fscf_required4\">\n  <span class=\"fscf-required-indicator\">*<\/span> <span class=\"fscf-required-text\">indicates required field<\/span>\n<\/div>\n\n\n<div id=\"fscf_div_clear4_0\" class=\"fscf-div-clear\">\n  <div id=\"fscf_div_field4_0\" class=\"fscf-div-field-left\">\n    <div class=\"fscf-div-label\">\n      <label class=\"fscf-label\" for=\"fscf_name4\">Name and surname:<span class=\"fscf-required-indicator\">*<\/span><\/label>\n    <\/div>\n    <div class=\"fscf-div-field\">\n      <input class=\"fscf-input-text\" type=\"text\" id=\"fscf_name4\" name=\"full_name\" value=\"\"  readonly=\"readonly\" \/>\n    <\/div>\n  <\/div>\n<\/div>\n\n<div id=\"fscf_div_clear4_1\" class=\"fscf-div-clear\">\n  <div id=\"fscf_div_field4_1\" class=\"fscf-div-field-left\">\n    <div class=\"fscf-div-label\">\n      <label class=\"fscf-label\" for=\"fscf_email4\">e-mail:<span class=\"fscf-required-indicator\">*<\/span><\/label>\n    <\/div>\n    <div class=\"fscf-div-field\">\n      <input class=\"fscf-input-text\" type=\"text\" id=\"fscf_email4\" name=\"email\" value=\"\"  readonly=\"readonly\" placeholder=\"twoj@email.pl\" \/>\n    <\/div>\n  <\/div>\n<\/div>\n\n<div id=\"fscf_div_clear4_4\" class=\"fscf-div-clear\">\n  <div id=\"fscf_div_field4_4\" class=\"fscf-div-field-left\">\n    <div  id=\"fscf_label4_4\" class=\"fscf-div-label\">\n      <label class=\"fscf-label\" for=\"fscf_field4_4\">Phone number:<\/label>\n    <\/div>\n    <div class=\"fscf-div-field\">\n      <input class=\"fscf-input-text\" type=\"text\" id=\"fscf_field4_4\" name=\"Phone\" value=\"\"  placeholder=\"000000000\" \/>\n    <\/div>\n  <\/div>\n<\/div>\n\n<div id=\"fscf_div_clear4_3\" class=\"fscf-div-clear\">\n  <div id=\"fscf_div_field4_3\" class=\"fscf-div-field-left\">\n    <div class=\"fscf-div-label\">\n      <label class=\"fscf-label\" for=\"fscf_field4_3\">Question or information:<span class=\"fscf-required-indicator\">*<\/span><\/label>\n    <\/div>\n    <div class=\"fscf-div-field\">\n      <textarea class=\"fscf-input-textarea\" id=\"fscf_field4_3\" name=\"message\" cols=\"30\" rows=\"10\"  placeholder=\"Tre\u015b\u0107 wiadomo\u015bci\"><\/textarea>\n    <\/div>\n  <\/div>\n<\/div>\n<div class=\"fscf-div-clear\"><\/div>\n\n<div id=\"fscf_submit_div4\" class=\"fscf-div-submit\">\n        <input type=\"submit\" id=\"fscf_submit4\" class=\"fscf-button-submit\" value=\"Submit\"  onclick=\"this.disabled=true; this.value='Sending...'; this.form.submit();\" \/> \n<\/div>\n\n<input type=\"hidden\" name=\"fscf_submitted\" value=\"0\" \/>\n<input type=\"hidden\" name=\"fs_postonce_4\" value=\"934b4a11e367fdcaec8fb15f334990eb,1778083751\" \/>\n<input type=\"hidden\" name=\"si_contact_action\" value=\"send\" \/>\n<input type=\"hidden\" name=\"form_id\" value=\"4\" \/>\n<input type=\"hidden\" name=\"mailto_id\" value=\"1\" \/>\n\n<\/form>\n<\/div>\n<div class=\"fscf-div-clear\"><\/div>\n\n<!-- Fast Secure Contact Form plugin 4.0.52 - end - FastSecureContactForm.com -->\n<\/div>\n<div class=\"column\"><\/div>\n<\/div>\n<\/div>\n<p><!-- tab-container -->\n<\/div>\n<\/section>\n<p><\/p>","protected":false},"excerpt":{"rendered":"<p>Ask a question or book a visit Clinics Diagnostics Contact with us Contact with us<\/p>\n","protected":false},"author":21,"featured_media":0,"parent":0,"menu_order":0,"comment_status":"open","ping_status":"open","template":"","meta":{"_acf_changed":false,"footnotes":""},"class_list":["post-1502","page","type-page","status-publish","hentry"],"acf":[],"_links":{"self":[{"href":"https:\/\/euromedic.com.pl\/en\/wp-json\/wp\/v2\/pages\/1502","targetHints":{"allow":["GET"]}}],"collection":[{"href":"https:\/\/euromedic.com.pl\/en\/wp-json\/wp\/v2\/pages"}],"about":[{"href":"https:\/\/euromedic.com.pl\/en\/wp-json\/wp\/v2\/types\/page"}],"author":[{"embeddable":true,"href":"https:\/\/euromedic.com.pl\/en\/wp-json\/wp\/v2\/users\/21"}],"replies":[{"embeddable":true,"href":"https:\/\/euromedic.com.pl\/en\/wp-json\/wp\/v2\/comments?post=1502"}],"version-history":[{"count":21,"href":"https:\/\/euromedic.com.pl\/en\/wp-json\/wp\/v2\/pages\/1502\/revisions"}],"predecessor-version":[{"id":3587,"href":"https:\/\/euromedic.com.pl\/en\/wp-json\/wp\/v2\/pages\/1502\/revisions\/3587"}],"wp:attachment":[{"href":"https:\/\/euromedic.com.pl\/en\/wp-json\/wp\/v2\/media?parent=1502"}],"curies":[{"name":"wp","href":"https:\/\/api.w.org\/{rel}","templated":true}]}}