{"id":279,"date":"2014-01-23T02:58:36","date_gmt":"2014-01-23T01:58:36","guid":{"rendered":"http:\/\/praca.marcinpolacik.pl\/euromedic\/wordpress\/?page_id=279"},"modified":"2014-01-27T14:50:02","modified_gmt":"2014-01-27T13:50:02","slug":"pobyt-w-szpitalu","status":"publish","type":"page","link":"https:\/\/euromedic.com.pl\/en\/pobyt-w-szpitalu\/","title":{"rendered":"Pobyt w szpitalu"},"content":{"rendered":"<section class=\"multicolumn white\">\n<div class=\"pos-center\">\n<h2>Pobyt w szpitalu<\/h2>\n<div class=\"column underlined\">\n<div style=\"height: 530px;\">\n<h3>Um\u00f3wienie terminu zabiegu<\/h3>\n<p>Pacjent posiadaj\u0105cy skierowanie na oddzia\u0142 szpitalny w celu um\u00f3wienia terminu zabiegu powinien zg\u0142osi\u0107 si\u0119 do szpitala. W wyj\u0105tkowych sytuacjach mo\u017cliwe jest um\u00f3wienie terminu zabiegu za po\u015brednictwem osoby trzeciej. Do um\u00f3wienia terminu zabiegu konieczny jest orygina\u0142 skierowania. W przypadku zabieg\u00f3w wykonywanych w ramach kontraktu z NFZ, w zale\u017cno\u015bci od adnotacji na skierowaniu \u2013 przypadek pilny lub stabilny \u2013 wyznaczany jest termin zabiegu, zgodnie z aktualn\u0105 kolejk\u0105 oczekuj\u0105cych. Je\u017celi pacjent jest zainteresowany wykonaniem zabiegu na zasadach komercyjnych umawiany jest termin zgodnie z harmonogramem zabieg\u00f3w komercyjnych. Wszelkie terminy ustalane s\u0105 na poziomie -1 (Izba Przyj\u0119\u0107). W celu realizacji zabiegu w wyznaczonym terminie pacjent zg\u0142asza si\u0119 do szpitala.<\/p>\n<\/div>\n<\/div>\n<div class=\"column underlined\">\n<div style=\"height: 530px;\">\n<h3>Co zabra\u0107 do szpitala?<\/h3>\n<ul>\n<li>Za\u015bwiadczenie o braku przeciwwskaza\u0144 do zabiegu w przypadku sta\u0142ego leczenia u lekarza specjalisty np. kardiologa, endokrynologa<\/li>\n<li>Wed\u0142ug decyzji lekarza kwalifikuj\u0105cego: odstawienie\/zamiana przed operacj\u0105 Acardu, Bestpiryny, Polopiryny, Aspiryny, Acenokumarolu oraz lek\u00f3w pokrewnych<\/li>\n<li>Dokumenty potwierdzaj\u0105ce obowi\u0105zuj\u0105ce szczepienia p\/WZW lub aktualne wyniki bada\u0144 na obecno\u015b\u0107 antygenu HbS<\/li>\n<li>Aktualne wyniki bada\u0144 zlecone przez lekarza kwalifikuj\u0105cego (nie starsze ni\u017c 2 tygodnie)<\/li>\n<li>Lista obecnie za\u017cywanych lek\u00f3w (prosz\u0119 leki wzi\u0105\u0107 ze sob\u0105)<\/li>\n<li>Pid\u017cama i obuwie zmienne<\/li>\n<li>Dokumenty potwierdzaj\u0105ce ubezpieczenie oraz dow\u00f3d osobisty<\/li>\n<\/ul>\n<\/div>\n<\/div>\n<div class=\"column underlined\">\n<div style=\"height: 530px;\">\n<h3>Przydatne informacje:<\/h3>\n<ul>\n<li>Szatnia na pozostawienie rzeczy osobistych znajduje si\u0119 na poziomie 2<\/li>\n<li>Pokoje wyposa\u017cone s\u0105 w w\u0119ze\u0142 sanitarny oraz TV<\/li>\n<li>Na terenie ca\u0142ego szpitala dost\u0119pny jest bezprzewodowy Internet<\/li>\n<li>Samoobs\u0142ugowy serwis napoj\u00f3w (poziom -1, 0, 2) i przek\u0105sek (poziom -1, 0)<\/li>\n<li>Strefa odpoczynku \u2013 biblioteczka, TV (poziom 2)<\/li>\n<li>Nabo\u017ce\u0144stwa niedzielne godz. 19.00 &#8211; Kaplica im. B\u0142ogos\u0142awionego Jana Paw\u0142a II (poziom 3)<\/li>\n<li>Mo\u017cliwo\u015b\u0107 dostarczenia zakup\u00f3w z s\u0105siednich delikates\u00f3w<\/li>\n<li>Mo\u017cliwo\u015b\u0107 skorzystania z oferty masa\u017cu relaksacyjnego<\/li>\n<li>Mo\u017cliwo\u015b\u0107 skorzystania z us\u0142ugi asysty<\/li>\n<\/ul>\n<\/div>\n<\/div>\n<div class=\"column underlined\">\n<div style=\"height: 530px;\">\n<div class=\"box\">\n<h3>DLA PACJENT\u00d3W OCZEKUJ\u0104CYCH NA BADANIE CHIRURGICZNE<\/h3>\n<p>Zgodnie z zaleceniem Ministerstwa Zdrowia, je\u017celi jest to mo\u017cliwe, na oko\u0142o 2 miesi\u0105ce przed planowanym zabiegiem zalecane jest szczepienie przeciwko wirusowemu zapaleniu w\u0105troby typu B.<br \/>\nKontakt z oddzia\u0142em:<br \/>\nT 32 707 42 36<\/p>\n<p>Do zabiegu prosz\u0119 zg\u0142osi\u0107 si\u0119 na czczo \u2013 za\u017cy\u0107 leki stosowane stale na serce, nadci\u015bnienie, hormonalne (w przypadku insuliny wcze\u015bnie rano nale\u017cy spo\u017cy\u0107 lekkie \u015bniadanie).<\/p>\n<\/div>\n<\/div>\n<\/div>\n<\/div>\n<\/section>\n","protected":false},"excerpt":{"rendered":"<p>Pobyt w szpitalu Um\u00f3wienie terminu zabiegu Pacjent posiadaj\u0105cy skierowanie na oddzia\u0142 szpitalny w celu um\u00f3wienia terminu zabiegu powinien zg\u0142osi\u0107 si\u0119 do szpitala. W wyj\u0105tkowych sytuacjach mo\u017cliwe jest um\u00f3wienie terminu zabiegu za po\u015brednictwem osoby trzeciej. Do um\u00f3wienia terminu zabiegu konieczny jest [&hellip;]<\/p>\n","protected":false},"author":21,"featured_media":0,"parent":0,"menu_order":0,"comment_status":"open","ping_status":"open","template":"","meta":{"_acf_changed":false,"footnotes":""},"class_list":["post-279","page","type-page","status-publish","hentry"],"acf":[],"_links":{"self":[{"href":"https:\/\/euromedic.com.pl\/en\/wp-json\/wp\/v2\/pages\/279","targetHints":{"allow":["GET"]}}],"collection":[{"href":"https:\/\/euromedic.com.pl\/en\/wp-json\/wp\/v2\/pages"}],"about":[{"href":"https:\/\/euromedic.com.pl\/en\/wp-json\/wp\/v2\/types\/page"}],"author":[{"embeddable":true,"href":"https:\/\/euromedic.com.pl\/en\/wp-json\/wp\/v2\/users\/21"}],"replies":[{"embeddable":true,"href":"https:\/\/euromedic.com.pl\/en\/wp-json\/wp\/v2\/comments?post=279"}],"version-history":[{"count":11,"href":"https:\/\/euromedic.com.pl\/en\/wp-json\/wp\/v2\/pages\/279\/revisions"}],"predecessor-version":[{"id":337,"href":"https:\/\/euromedic.com.pl\/en\/wp-json\/wp\/v2\/pages\/279\/revisions\/337"}],"wp:attachment":[{"href":"https:\/\/euromedic.com.pl\/en\/wp-json\/wp\/v2\/media?parent=279"}],"curies":[{"name":"wp","href":"https:\/\/api.w.org\/{rel}","templated":true}]}}